{"id":3563,"date":"2016-06-14T06:50:18","date_gmt":"2016-06-14T06:50:18","guid":{"rendered":"http:\/\/livinglake.it\/offerte\/"},"modified":"2019-03-06T16:55:51","modified_gmt":"2019-03-06T15:55:51","slug":"angebote","status":"publish","type":"page","link":"http:\/\/livinglake.it\/de\/angebote\/","title":{"rendered":"ANGEBOTE"},"content":{"rendered":"<p>[vc_row rt_row_background_width=&#8220;fullwidth&#8220; rt_row_content_width=&#8220;fullwidth&#8220; rt_row_style=&#8220;default-style&#8220; rt_row_height=&#8220;min_height&#8220; rt_holder_placement=&#8220;bottom&#8220; rt_column_placement=&#8220;bottom&#8220; rt_row_borders=&#8220;&#8220; rt_row_shadows=&#8220;&#8220; rt_column_gaps=&#8220;&#8220; rt_row_paddings=&#8220;false&#8220; rt_bg_effect=&#8220;parallax&#8220; rt_bg_parallax_effect=&#8220;3&#8243; rt_transparent_bg=&#8220;&#8220; rt_bg_image_repeat=&#8220;no-repeat&#8220; rt_bg_size=&#8220;cover&#8220; rt_bg_position=&#8220;center bottom&#8220; rt_bg_video_format=&#8220;self-hosted&#8220; rt_bg_image=&#8220;3939&#8243; rt_min_row_height=&#8220;700&#8243;][vc_column width=&#8220;1\/2&#8243; rt_col_paddings=&#8220;true&#8220; rt_wrp_col_paddings=&#8220;false&#8220; rt_column_shadow=&#8220;&#8220; rt_border_top=&#8220;&#8220; rt_border_bottom=&#8220;&#8220; rt_border_left=&#8220;&#8220; rt_border_right=&#8220;&#8220; rt_border_top_mobile=&#8220;&#8220; rt_border_bottom_mobile=&#8220;&#8220; rt_border_left_mobile=&#8220;&#8220; rt_border_right_mobile=&#8220;&#8220; rt_bg_image_repeat=&#8220;repeat&#8220; rt_bg_size=&#8220;auto auto&#8220; rt_bg_position=&#8220;right top&#8220; rt_bg_attachment=&#8220;scroll&#8220; rt_padding_top=&#8220;40&#8243; rt_padding_bottom=&#8220;40&#8243; rt_padding_left=&#8220;40&#8243; rt_padding_right=&#8220;40&#8243; rt_margin_top=&#8220;-50&#8243; rt_bg_color=&#8220;&#8220; rt_bg_overlay_color=&#8220;&#8220;][\/vc_column][vc_column width=&#8220;1\/2&#8243; rt_color_set=&#8220;alt-style-1&#8243; rt_col_paddings=&#8220;true&#8220; rt_wrp_col_paddings=&#8220;false&#8220; rt_column_shadow=&#8220;&#8220; rt_border_top=&#8220;&#8220; rt_border_bottom=&#8220;&#8220; rt_border_left=&#8220;&#8220; rt_border_right=&#8220;&#8220; rt_border_top_mobile=&#8220;&#8220; rt_border_bottom_mobile=&#8220;&#8220; rt_border_left_mobile=&#8220;&#8220; rt_border_right_mobile=&#8220;&#8220; rt_bg_image_repeat=&#8220;repeat&#8220; rt_bg_size=&#8220;auto auto&#8220; rt_bg_position=&#8220;right top&#8220; rt_bg_attachment=&#8220;scroll&#8220; rt_bg_color=&#8220;&#8220; rt_bg_overlay_color=&#8220;&#8220; rt_padding_top=&#8220;100px&#8220; rt_padding_bottom=&#8220;100px&#8220; rt_padding_left=&#8220;15%&#8220; rt_padding_right=&#8220;50px&#8220;]<div class=\"rt_heading_wrapper style-5\">\n\t\t\t\t\t\t<h1 class=\"rt_heading  style-5\" >SPEZIELLE ANGEBOTE<\/h1> \n\t\t\t\t\t<\/div><div class=\"rt_heading_wrapper no-style\">\n\t\t\t\t\t\t<span class=\"rt_heading  secondary-font no-style\"  style=\"font-size:22px;\">F\u00fcr einen noch vollst\u00e4ndigeren Urlaub zu bieten, bieten wir g\u00fcnstige Pakete, um alle Sch\u00f6nheiten des Lago Maggiore mit unseren Booten und unseren Wespen zu genie\u00dfen.<\/span> \n\t\t\t\t\t<\/div>[\/vc_column][\/vc_row][vc_row rt_row_background_width=&#8220;fullwidth&#8220; rt_row_content_width=&#8220;fullwidth&#8220; rt_row_style=&#8220;default-style&#8220; rt_row_height=&#8220;&#8220; rt_row_borders=&#8220;&#8220; rt_row_shadows=&#8220;&#8220; rt_column_view=&#8220;equal_heights&#8220; rt_column_gaps=&#8220;&#8220; rt_row_paddings=&#8220;false&#8220; rt_bg_effect=&#8220;classic&#8220; rt_transparent_bg=&#8220;&#8220; rt_bg_image_repeat=&#8220;repeat&#8220; rt_bg_size=&#8220;cover&#8220; rt_bg_position=&#8220;right top&#8220; rt_bg_attachment=&#8220;scroll&#8220; rt_bg_video_format=&#8220;self-hosted&#8220; rt_grid=&#8220;true&#8220;][vc_column width=&#8220;1\/4&#8243; rt_col_paddings=&#8220;true&#8220; rt_wrp_col_paddings=&#8220;false&#8220; rt_column_shadow=&#8220;&#8220; rt_border_top=&#8220;&#8220; rt_border_bottom=&#8220;&#8220; rt_border_left=&#8220;&#8220; rt_border_right=&#8220;&#8220; rt_border_top_mobile=&#8220;&#8220; rt_border_bottom_mobile=&#8220;&#8220; rt_border_left_mobile=&#8220;&#8220; rt_border_right_mobile=&#8220;&#8220; rt_bg_image_repeat=&#8220;repeat&#8220; rt_bg_size=&#8220;auto auto&#8220; rt_bg_position=&#8220;right top&#8220; rt_bg_attachment=&#8220;scroll&#8220; rt_bg_color=&#8220;&#8220; rt_bg_overlay_color=&#8220;&#8220; rt_padding_top=&#8220;60&#8243; rt_padding_bottom=&#8220;60&#8243; rt_padding_left=&#8220;30&#8243; rt_padding_right=&#8220;30&#8243;]<article  class=\"icon-content-box content-box icon-top icon-style-2\"><div class=\"icon-holder\"><span class=\"icon-line-help\"><\/span><\/div><div class=\"text-holder\"><h3 class=\"heading\">Boot 1\/2 Tag + Schwimmbad 1\/2 Tag<\/h3> <p style=\"text-align: center;\">Ein Tag voller Spa\u00df: eine sch\u00f6ne Bootsfahrt am Morgen und ein Bad im Pool des Ghiffa Hotels am Nachmittag!<\/p>\n<h5 style=\"text-align: center; color: #68c9da;\">120 \u20ac + 12 \u20ac pro Person<\/h5>\n<\/div><\/article>[\/vc_column][vc_column width=&#8220;1\/4&#8243; rt_col_paddings=&#8220;true&#8220; rt_wrp_col_paddings=&#8220;false&#8220; rt_column_shadow=&#8220;&#8220; rt_border_top=&#8220;&#8220; rt_border_bottom=&#8220;&#8220; rt_border_left=&#8220;&#8220; rt_border_right=&#8220;&#8220; rt_border_top_mobile=&#8220;&#8220; rt_border_bottom_mobile=&#8220;&#8220; rt_border_left_mobile=&#8220;&#8220; rt_border_right_mobile=&#8220;&#8220; rt_bg_image_repeat=&#8220;repeat&#8220; rt_bg_size=&#8220;auto auto&#8220; rt_bg_position=&#8220;right top&#8220; rt_bg_attachment=&#8220;scroll&#8220; rt_padding_top=&#8220;60&#8243; rt_padding_bottom=&#8220;60&#8243; rt_padding_left=&#8220;30&#8243; rt_padding_right=&#8220;30&#8243; rt_bg_color=&#8220;&#8220; rt_bg_overlay_color=&#8220;&#8220;]<article  class=\"icon-content-box content-box icon-top icon-style-2\"><div class=\"icon-holder\"><span class=\"icon-line-help\"><\/span><\/div><div class=\"text-holder\"><h3 class=\"heading\">Vespa 5h + Schwimmbad 1\/2 Tag<\/h3> <p style=\"text-align: center;\">Der Morgen hat den Mund Gold! Entdecken Sie den Vco an Bord einer Wespe! Und am Nachmittag? Entspannung im Hotel Ghiffa.<\/p>\n<h5 style=\"text-align: center; color: #68c9da;\">50 \u20ac + 12 \u20ac pro Person<\/h5>\n<\/div><\/article>[\/vc_column][vc_column width=&#8220;1\/4&#8243; rt_col_paddings=&#8220;true&#8220; rt_wrp_col_paddings=&#8220;false&#8220; rt_column_shadow=&#8220;&#8220; rt_border_top=&#8220;&#8220; rt_border_bottom=&#8220;&#8220; rt_border_left=&#8220;&#8220; rt_border_right=&#8220;&#8220; rt_border_top_mobile=&#8220;&#8220; rt_border_bottom_mobile=&#8220;&#8220; rt_border_left_mobile=&#8220;&#8220; rt_border_right_mobile=&#8220;&#8220; rt_bg_image_repeat=&#8220;repeat&#8220; rt_bg_size=&#8220;auto auto&#8220; rt_bg_position=&#8220;right top&#8220; rt_bg_attachment=&#8220;scroll&#8220; rt_padding_top=&#8220;60&#8243; rt_padding_bottom=&#8220;60&#8243; rt_padding_left=&#8220;30&#8243; rt_padding_right=&#8220;30&#8243; rt_bg_color=&#8220;&#8220; rt_bg_overlay_color=&#8220;&#8220;]<article  class=\"icon-content-box content-box icon-top icon-style-2\"><div class=\"icon-holder\"><span class=\"icon-line-anchor\"><\/span><\/div><div class=\"text-holder\"><h3 class=\"heading\">Boot 1\/2 Tag + Vespa 5h<\/h3> <p style=\"text-align: center;\">Haben Sie die Burgen von Cannero schon fr\u00fch am Morgen gesehen? Eine einzigartige Erfahrung. Dann beenden Sie den Tag mit einer Fahrt auf einer Vespa!<\/p>\n<h5 style=\"text-align: center; color: #68c9da;\">150 \u20ac<\/h5>\n<\/div><\/article>[\/vc_column][vc_column width=&#8220;1\/4&#8243; rt_col_paddings=&#8220;true&#8220; rt_wrp_col_paddings=&#8220;false&#8220; rt_column_shadow=&#8220;&#8220; rt_border_top=&#8220;&#8220; rt_border_bottom=&#8220;&#8220; rt_border_left=&#8220;&#8220; rt_border_right=&#8220;&#8220; rt_border_top_mobile=&#8220;&#8220; rt_border_bottom_mobile=&#8220;&#8220; rt_border_left_mobile=&#8220;&#8220; rt_border_right_mobile=&#8220;&#8220; rt_bg_image_repeat=&#8220;repeat&#8220; rt_bg_size=&#8220;auto auto&#8220; rt_bg_position=&#8220;right top&#8220; rt_bg_attachment=&#8220;scroll&#8220; rt_padding_top=&#8220;60&#8243; rt_padding_bottom=&#8220;60&#8243; rt_padding_left=&#8220;30&#8243; rt_padding_right=&#8220;30&#8243; rt_bg_color=&#8220;&#8220; rt_bg_overlay_color=&#8220;&#8220;]<article  class=\"icon-content-box content-box icon-top icon-style-2\"><div class=\"icon-holder\"><span class=\"icon-line-anchor\"><\/span><\/div><div class=\"text-holder\"><h3 class=\"heading\">Boot 1 Tag + Vespa 1 Tag<\/h3> <p style=\"text-align: center;\">Mit dem Kauf der &#8222;Boot + Vespa&#8220;-Pakete k\u00f6nnen Sie entscheiden, an welchem \u200b\u200bTag Sie die Fahrzeuge nutzen m\u00f6chten (z.B.: Samstag das Boot und Sonntag Vespa).<\/p>\n<h5 style=\"text-align: center; color: #68c9da;\">275 \u20ac<\/h5>\n<\/div><\/article>[\/vc_column][\/vc_row][vc_row rt_row_background_width=&#8220;fullwidth&#8220; rt_row_content_width=&#8220;fullwidth&#8220; rt_row_style=&#8220;default-style&#8220; rt_row_height=&#8220;&#8220; rt_row_borders=&#8220;&#8220; rt_row_shadows=&#8220;&#8220; rt_column_view=&#8220;equal_heights&#8220; rt_column_gaps=&#8220;&#8220; rt_row_paddings=&#8220;true&#8220; rt_bg_effect=&#8220;classic&#8220; rt_transparent_bg=&#8220;&#8220; rt_bg_image_repeat=&#8220;repeat&#8220; rt_bg_size=&#8220;cover&#8220; rt_bg_position=&#8220;right top&#8220; rt_bg_attachment=&#8220;scroll&#8220; rt_bg_video_format=&#8220;self-hosted&#8220; rt_padding_top=&#8220;0&#8243; rt_padding_bottom=&#8220;0&#8243; rt_padding_left=&#8220;0&#8243; rt_padding_right=&#8220;0&#8243;][vc_column width=&#8220;1\/4&#8243; rt_color_set=&#8220;alt-style-1&#8243; rt_col_paddings=&#8220;true&#8220; rt_wrp_col_paddings=&#8220;false&#8220; rt_column_shadow=&#8220;&#8220; rt_border_top=&#8220;&#8220; rt_border_bottom=&#8220;&#8220; rt_border_left=&#8220;&#8220; rt_border_right=&#8220;&#8220; rt_border_top_mobile=&#8220;&#8220; rt_border_bottom_mobile=&#8220;&#8220; rt_border_left_mobile=&#8220;&#8220; rt_border_right_mobile=&#8220;&#8220; rt_bg_image_repeat=&#8220;repeat&#8220; rt_bg_size=&#8220;auto auto&#8220; rt_bg_position=&#8220;right top&#8220; rt_bg_attachment=&#8220;scroll&#8220; rt_bg_color=&#8220;#f2f2f2&#8243; rt_bg_overlay_color=&#8220;&#8220; rt_padding_top=&#8220;150&#8243; rt_padding_bottom=&#8220;150&#8243;]<div class=\"rt_heading_wrapper style-7\">\n\t\t\t\t\t\t<h3 class=\"rt_heading  aligncenter style-7\"  style=\"color:#68c9da;\">Vespa 1 Tag + Abendessen<\/h3> \n\t\t\t\t\t<\/div>[vc_empty_space][vc_column_text]<\/p>\n<p style=\"text-align: center; color: #68c9da;\">Verbringen Sie einen ganzen Tag an Bord Ihres Vespa Living Lake und genie\u00dfen Sie ein leckeres Abendessen mit Freunden.<\/p>\n<h5 style=\"text-align: center; color: #68c9da;\">55 \u20ac + 35 \u20ac\u00a0pro Person<\/h5>\n<p>[\/vc_column_text][\/vc_column][vc_column width=&#8220;1\/4&#8243; rt_color_set=&#8220;alt-style-1&#8243; rt_col_paddings=&#8220;true&#8220; rt_wrp_col_paddings=&#8220;false&#8220; rt_column_shadow=&#8220;&#8220; rt_border_top=&#8220;&#8220; rt_border_bottom=&#8220;&#8220; rt_border_left=&#8220;&#8220; rt_border_right=&#8220;&#8220; rt_border_top_mobile=&#8220;&#8220; rt_border_bottom_mobile=&#8220;&#8220; rt_border_left_mobile=&#8220;&#8220; rt_border_right_mobile=&#8220;&#8220; rt_bg_image_repeat=&#8220;repeat&#8220; rt_bg_size=&#8220;auto auto&#8220; rt_bg_position=&#8220;right top&#8220; rt_bg_attachment=&#8220;scroll&#8220; rt_padding_top=&#8220;150&#8243; rt_padding_bottom=&#8220;150&#8243; rt_bg_color=&#8220;&#8220; rt_bg_overlay_color=&#8220;&#8220;]<div class=\"rt_heading_wrapper style-7\">\n\t\t\t\t\t\t<h3 class=\"rt_heading  aligncenter style-7\" >Aperitif auf dem Boot<\/h3> \n\t\t\t\t\t<\/div>[vc_empty_space][vc_column_text]<\/p>\n<p style=\"text-align: center; color: #fff;\">19:00 &#8211; 21:00<br \/>\nmit Benzin<br \/>\n+ eine Flasche Wein oder Sekt +<br \/>\nherzhafte Backwaren<\/p>\n<h5 style=\"text-align: center; color: #fff;\">135 \u20ac<\/h5>\n<p>[\/vc_column_text][\/vc_column][vc_column width=&#8220;1\/2&#8243; rt_col_paddings=&#8220;true&#8220; rt_wrp_col_paddings=&#8220;false&#8220; rt_column_shadow=&#8220;&#8220; rt_border_top=&#8220;&#8220; rt_border_bottom=&#8220;&#8220; rt_border_left=&#8220;&#8220; rt_border_right=&#8220;&#8220; rt_border_top_mobile=&#8220;&#8220; rt_border_bottom_mobile=&#8220;&#8220; rt_border_left_mobile=&#8220;&#8220; rt_border_right_mobile=&#8220;&#8220; rt_bg_image=&#8220;2756&#8243; rt_bg_image_repeat=&#8220;no-repeat&#8220; rt_bg_size=&#8220;cover&#8220; rt_bg_position=&#8220;center center&#8220; rt_bg_attachment=&#8220;scroll&#8220; class=&#8220;force-content-width left-aligned&#8220; rt_padding_top=&#8220;40&#8243; rt_padding_bottom=&#8220;40&#8243; rt_bg_color=&#8220;&#8220; rt_bg_overlay_color=&#8220;&#8220; rt_min_height=&#8220;400&#8243;][\/vc_column][\/vc_row][vc_row rt_row_background_width=&#8220;fullwidth&#8220; rt_row_content_width=&#8220;fullwidth&#8220; rt_row_style=&#8220;default-style&#8220; rt_row_height=&#8220;&#8220; rt_row_borders=&#8220;bottom&#8220; rt_row_shadows=&#8220;&#8220; rt_column_view=&#8220;equal_heights&#8220; rt_column_gaps=&#8220;&#8220; rt_row_paddings=&#8220;false&#8220; rt_bg_effect=&#8220;classic&#8220; rt_transparent_bg=&#8220;&#8220; rt_bg_image_repeat=&#8220;repeat&#8220; rt_bg_size=&#8220;cover&#8220; rt_bg_position=&#8220;right top&#8220; rt_bg_attachment=&#8220;scroll&#8220; rt_bg_video_format=&#8220;self-hosted&#8220; rt_grid=&#8220;true&#8220;][vc_column width=&#8220;1\/4&#8243; rt_col_paddings=&#8220;true&#8220; rt_wrp_col_paddings=&#8220;false&#8220; rt_column_shadow=&#8220;&#8220; rt_border_top=&#8220;&#8220; rt_border_bottom=&#8220;&#8220; rt_border_left=&#8220;&#8220; rt_border_right=&#8220;&#8220; rt_border_top_mobile=&#8220;&#8220; rt_border_bottom_mobile=&#8220;&#8220; rt_border_left_mobile=&#8220;&#8220; rt_border_right_mobile=&#8220;&#8220; rt_bg_image_repeat=&#8220;repeat&#8220; rt_bg_size=&#8220;auto auto&#8220; rt_bg_position=&#8220;right top&#8220; rt_bg_attachment=&#8220;scroll&#8220; rt_bg_color=&#8220;&#8220; rt_bg_overlay_color=&#8220;&#8220; rt_padding_top=&#8220;60&#8243; rt_padding_bottom=&#8220;60&#8243; rt_padding_left=&#8220;30&#8243; rt_padding_right=&#8220;30&#8243;]<article  class=\"icon-content-box content-box icon-top icon-style-2\"><div class=\"icon-holder\"><span class=\"icon-star-2\"><\/span><\/div><div class=\"text-holder\"><h3 class=\"heading\">Bootsmorgen + Mittagessen<\/h3> <p style=\"text-align: center;\">Genie\u00dfen Sie den Luxus eines Bootsmorgens und eines leckeren Mittagessens direkt auf dem See an Bord eines Bootes unserer Flotte.<\/p>\n<h5 style=\"text-align: center; color: #68c9da;\">100 \u20ac + 27 \u20ac pro Person<\/h5>\n<\/div><\/article>[\/vc_column][vc_column width=&#8220;1\/4&#8243; rt_col_paddings=&#8220;true&#8220; rt_wrp_col_paddings=&#8220;false&#8220; rt_column_shadow=&#8220;&#8220; rt_border_top=&#8220;&#8220; rt_border_bottom=&#8220;&#8220; rt_border_left=&#8220;&#8220; rt_border_right=&#8220;&#8220; rt_border_top_mobile=&#8220;&#8220; rt_border_bottom_mobile=&#8220;&#8220; rt_border_left_mobile=&#8220;&#8220; rt_border_right_mobile=&#8220;&#8220; rt_bg_image_repeat=&#8220;repeat&#8220; rt_bg_size=&#8220;auto auto&#8220; rt_bg_position=&#8220;right top&#8220; rt_bg_attachment=&#8220;scroll&#8220; rt_padding_top=&#8220;60&#8243; rt_padding_bottom=&#8220;60&#8243; rt_padding_left=&#8220;30&#8243; rt_padding_right=&#8220;30&#8243; rt_bg_color=&#8220;&#8220; rt_bg_overlay_color=&#8220;&#8220;]<article  class=\"icon-content-box content-box icon-top icon-style-2\"><div class=\"icon-holder\"><span class=\"icon-line-help\"><\/span><\/div><div class=\"text-holder\"><h3 class=\"heading\">Bootsnachmittag + Aperitif<\/h3> <p style=\"text-align: center;\">Sind Sie ein Happy Hour-Liebhaber? G\u00f6nnen Sie sich einen unvergesslichen Aperitif und genie\u00dfen Sie das Wunder des Sonnenuntergangs in der Mitte des Sees.<\/p>\n<h5 style=\"text-align: center; color: #68c9da;\">130 \u20ac + 10 \u20ac pro Person<\/h5>\n<\/div><\/article>[\/vc_column][vc_column width=&#8220;1\/4&#8243; rt_col_paddings=&#8220;true&#8220; rt_wrp_col_paddings=&#8220;false&#8220; rt_column_shadow=&#8220;&#8220; rt_border_top=&#8220;&#8220; rt_border_bottom=&#8220;&#8220; rt_border_left=&#8220;&#8220; rt_border_right=&#8220;&#8220; rt_border_top_mobile=&#8220;&#8220; rt_border_bottom_mobile=&#8220;&#8220; rt_border_left_mobile=&#8220;&#8220; rt_border_right_mobile=&#8220;&#8220; rt_bg_image_repeat=&#8220;repeat&#8220; rt_bg_size=&#8220;auto auto&#8220; rt_bg_position=&#8220;right top&#8220; rt_bg_attachment=&#8220;scroll&#8220; rt_padding_top=&#8220;60&#8243; rt_padding_bottom=&#8220;60&#8243; rt_padding_left=&#8220;30&#8243; rt_padding_right=&#8220;30&#8243; rt_bg_color=&#8220;&#8220; rt_bg_overlay_color=&#8220;&#8220;]<article  class=\"icon-content-box content-box icon-top icon-style-2\"><div class=\"icon-holder\"><span class=\"icon-new-heart-1\"><\/span><\/div><div class=\"text-holder\"><h3 class=\"heading\">Bootsnachmittag + Abendessen<\/h3> <p style=\"text-align: center;\">Ein entspannter Nachmittag auf dem Boot und ein romantisches Abendessen direkt am See. What else?<\/p>\n<h5 style=\"text-align: center; color: #68c9da;\">120 \u20ac + 30 \u20ac\u00a0pro Person<\/h5>\n<\/div><\/article>[\/vc_column][vc_column width=&#8220;1\/4&#8243; rt_col_paddings=&#8220;true&#8220; rt_wrp_col_paddings=&#8220;false&#8220; rt_column_shadow=&#8220;&#8220; rt_border_top=&#8220;&#8220; rt_border_bottom=&#8220;&#8220; rt_border_left=&#8220;&#8220; rt_border_right=&#8220;&#8220; rt_border_top_mobile=&#8220;&#8220; rt_border_bottom_mobile=&#8220;&#8220; rt_border_left_mobile=&#8220;&#8220; rt_border_right_mobile=&#8220;&#8220; rt_bg_image_repeat=&#8220;repeat&#8220; rt_bg_size=&#8220;auto auto&#8220; rt_bg_position=&#8220;right top&#8220; rt_bg_attachment=&#8220;scroll&#8220; rt_padding_top=&#8220;60&#8243; rt_padding_bottom=&#8220;60&#8243; rt_padding_left=&#8220;30&#8243; rt_padding_right=&#8220;30&#8243; rt_bg_color=&#8220;&#8220; rt_bg_overlay_color=&#8220;&#8220;]<article  class=\"icon-content-box content-box icon-top icon-style-2\"><div class=\"icon-holder\"><span class=\"icon-line-anchor\"><\/span><\/div><div class=\"text-holder\"><h3 class=\"heading\">Boot 1 Tag + Abendessen<\/h3> <p style=\"text-align: center;\">Verbringen Sie einen ganzen Tag auf dem Boot und beenden Sie ihn mit einem leckeren Abendessen an Bord.<\/p>\n<h5 style=\"text-align: center; color: #68c9da;\">210 \u20ac + 30 \u20ac pro Person<\/h5>\n<\/div><\/article>[\/vc_column][\/vc_row][vc_row rt_row_background_width=&#8220;fullwidth&#8220; rt_row_content_width=&#8220;default&#8220; rt_row_style=&#8220;alt-style-1&#8243; rt_row_height=&#8220;&#8220; rt_column_placement=&#8220;middle&#8220; rt_row_borders=&#8220;&#8220; rt_row_shadows=&#8220;&#8220; rt_column_view=&#8220;equal_heights&#8220; rt_column_gaps=&#8220;&#8220; rt_row_paddings=&#8220;true&#8220; rt_bg_effect=&#8220;classic&#8220; rt_transparent_bg=&#8220;&#8220; rt_bg_image_repeat=&#8220;repeat&#8220; rt_bg_size=&#8220;cover&#8220; rt_bg_position=&#8220;right top&#8220; rt_bg_attachment=&#8220;scroll&#8220; rt_bg_video_format=&#8220;self-hosted&#8220; rt_bg_color=&#8220;#69c9da&#8220;][vc_column width=&#8220;2\/3&#8243; rt_col_paddings=&#8220;true&#8220; rt_wrp_col_paddings=&#8220;false&#8220; rt_column_shadow=&#8220;&#8220; rt_border_top=&#8220;&#8220; rt_border_bottom=&#8220;&#8220; rt_border_left=&#8220;&#8220; rt_border_right=&#8220;&#8220; rt_border_top_mobile=&#8220;&#8220; rt_border_bottom_mobile=&#8220;&#8220; rt_border_left_mobile=&#8220;&#8220; rt_border_right_mobile=&#8220;&#8220; rt_bg_image_repeat=&#8220;repeat&#8220; rt_bg_size=&#8220;auto auto&#8220; rt_bg_position=&#8220;right top&#8220; rt_bg_attachment=&#8220;scroll&#8220; force_content_width=&#8220;yes&#8220; rt_bg_color=&#8220;&#8220; rt_bg_overlay_color=&#8220;&#8220; rt_padding_top=&#8220;20&#8243; rt_padding_bottom=&#8220;20&#8243;]<div class=\"rt_heading_wrapper no-style\">\n\t\t\t\t\t\t<h6 class=\"rt_heading  no-style\"  style=\"font-size:24px;line-height:24px;margin-bottom:0px;\">FRAGEN SIE NACH INFORMATIONEN ZU UNSEREN ANGEBOTEN!<\/h6> \n\t\t\t\t\t<\/div>[\/vc_column][vc_column width=&#8220;1\/3&#8243; rt_col_paddings=&#8220;true&#8220; rt_wrp_col_paddings=&#8220;false&#8220; rt_column_shadow=&#8220;&#8220; rt_border_top=&#8220;&#8220; rt_border_bottom=&#8220;&#8220; rt_border_left=&#8220;&#8220; rt_border_right=&#8220;&#8220; rt_border_top_mobile=&#8220;&#8220; rt_border_bottom_mobile=&#8220;&#8220; rt_border_left_mobile=&#8220;&#8220; rt_border_right_mobile=&#8220;&#8220; rt_bg_image_repeat=&#8220;repeat&#8220; rt_bg_size=&#8220;auto auto&#8220; rt_bg_position=&#8220;right top&#8220; rt_bg_attachment=&#8220;scroll&#8220; rt_padding_top=&#8220;20&#8243; rt_padding_bottom=&#8220;20&#8243; rt_bg_color=&#8220;&#8220; rt_bg_overlay_color=&#8220;&#8220;]<div class=\"button_wrapper align hero\"><a  href=\"\/de\/kontakt\/\" target=\"_self\" title=\"Book\" class=\"button_  style-3 hero\"><span class=\"icon-line-calendar\"><\/span>KONTAKT<\/a><\/div>[\/vc_column][\/vc_row]<\/p>\n","protected":false},"excerpt":{"rendered":"<p>[vc_row rt_row_background_width=&#8220;fullwidth&#8220; rt_row_content_width=&#8220;fullwidth&#8220; rt_row_style=&#8220;default-style&#8220; rt_row_height=&#8220;min_height&#8220; rt_holder_placement=&#8220;bottom&#8220; rt_column_placement=&#8220;bottom&#8220; rt_row_borders=&#8220;&#8220; rt_row_shadows=&#8220;&#8220; rt_column_gaps=&#8220;&#8220; rt_row_paddings=&#8220;false&#8220; rt_bg_effect=&#8220;parallax&#8220; rt_bg_parallax_effect=&#8220;3&#8243; rt_transparent_bg=&#8220;&#8220; rt_bg_image_repeat=&#8220;no-repeat&#8220; rt_bg_size=&#8220;cover&#8220; rt_bg_position=&#8220;center bottom&#8220; rt_bg_video_format=&#8220;self-hosted&#8220; rt_bg_image=&#8220;3939&#8243; rt_min_row_height=&#8220;700&#8243;][vc_column width=&#8220;1\/2&#8243; rt_col_paddings=&#8220;true&#8220; rt_wrp_col_paddings=&#8220;false&#8220; rt_column_shadow=&#8220;&#8220; rt_border_top=&#8220;&#8220; rt_border_bottom=&#8220;&#8220; rt_border_left=&#8220;&#8220; rt_border_right=&#8220;&#8220; rt_border_top_mobile=&#8220;&#8220; rt_border_bottom_mobile=&#8220;&#8220; rt_border_left_mobile=&#8220;&#8220; rt_border_right_mobile=&#8220;&#8220; rt_bg_image_repeat=&#8220;repeat&#8220; rt_bg_size=&#8220;auto auto&#8220; rt_bg_position=&#8220;right top&#8220; rt_bg_attachment=&#8220;scroll&#8220; rt_padding_top=&#8220;40&#8243; rt_padding_bottom=&#8220;40&#8243; rt_padding_left=&#8220;40&#8243; rt_padding_right=&#8220;40&#8243; rt_margin_top=&#8220;-50&#8243; rt_bg_color=&#8220;&#8220; rt_bg_overlay_color=&#8220;&#8220;][\/vc_column][vc_column width=&#8220;1\/2&#8243; rt_color_set=&#8220;alt-style-1&#8243; rt_col_paddings=&#8220;true&#8220; rt_wrp_col_paddings=&#8220;false&#8220; rt_column_shadow=&#8220;&#8220; rt_border_top=&#8220;&#8220; rt_border_bottom=&#8220;&#8220; rt_border_left=&#8220;&#8220; rt_border_right=&#8220;&#8220; &#8230; <a class=\"more-link\" href=\"http:\/\/livinglake.it\/de\/angebote\/\">Continue reading<\/a><\/p>\n","protected":false},"author":1,"featured_media":0,"parent":0,"menu_order":0,"comment_status":"closed","ping_status":"closed","template":"","meta":{"_monsterinsights_skip_tracking":false,"_monsterinsights_sitenote_active":false,"_monsterinsights_sitenote_note":"","_monsterinsights_sitenote_category":0,"footnotes":""},"class_list":["post-3563","page","type-page","status-publish","hentry"],"_links":{"self":[{"href":"http:\/\/livinglake.it\/de\/wp-json\/wp\/v2\/pages\/3563","targetHints":{"allow":["GET"]}}],"collection":[{"href":"http:\/\/livinglake.it\/de\/wp-json\/wp\/v2\/pages"}],"about":[{"href":"http:\/\/livinglake.it\/de\/wp-json\/wp\/v2\/types\/page"}],"author":[{"embeddable":true,"href":"http:\/\/livinglake.it\/de\/wp-json\/wp\/v2\/users\/1"}],"replies":[{"embeddable":true,"href":"http:\/\/livinglake.it\/de\/wp-json\/wp\/v2\/comments?post=3563"}],"version-history":[{"count":5,"href":"http:\/\/livinglake.it\/de\/wp-json\/wp\/v2\/pages\/3563\/revisions"}],"predecessor-version":[{"id":4074,"href":"http:\/\/livinglake.it\/de\/wp-json\/wp\/v2\/pages\/3563\/revisions\/4074"}],"wp:attachment":[{"href":"http:\/\/livinglake.it\/de\/wp-json\/wp\/v2\/media?parent=3563"}],"curies":[{"name":"wp","href":"https:\/\/api.w.org\/{rel}","templated":true}]}}